{"id":8,"date":"2014-06-24T17:45:50","date_gmt":"2014-06-24T15:45:50","guid":{"rendered":"http:\/\/zierer.webpl.de\/style1\/?page_id=8"},"modified":"2014-09-27T18:25:27","modified_gmt":"2014-09-27T16:25:27","slug":"zimmer","status":"publish","type":"page","link":"https:\/\/www.langzeitwohnen-freising.de\/?page_id=8","title":{"rendered":"Zimmer"},"content":{"rendered":"<p>Unsere idyllisch gelegenen Zimmer befindet sich in direkter N\u00e4he zum M\u00fcnchner Flughafen. In n\u00e4chster Umgebung befindet sich die wundersch\u00f6ne Domstadt Freising und auch die Landeshauptstadt M\u00fcnchen ist sehr gut zu erreichen.<\/p>\n<p><strong>\u00dcberblick<\/strong><\/p>\n<p>Alle Zimmer sind m\u00f6bliert und mit einem eigenen Bad, sowie einer K\u00fcchenzeile ausgestattet. Ebenso ist ein Schreibtisch mit Leuchte vorhanden an dem Sie mit WLAN sofort loslegen k\u00f6nnen.<br \/>\nUnsere Zimmer sind Nichtraucherzimmer, es gibt allerdings einen Raucherbereich im Haus.<\/p>\n<p>Alle Zimmer sind Einzelzimmer und k\u00f6nnen nur mit einer Person belegt werden.<\/p>\n<p><strong>Ausstattung<\/strong><\/p>\n<ul>\n<li>WLAN<\/li>\n<li>Kleiderschrank<\/li>\n<li>Kleine K\u00fcche\u00a0mit Herd, K\u00fchlschrank, Kaffeemaschine und Mikrowelle<\/li>\n<li>eigene WC-Dusche mit Handwaschbecken, Heizk\u00f6rper und Spiegel<\/li>\n<li>Esstisch mit 2 St\u00fchlen<\/li>\n<li>Einzelbett 200cm x 100cm<\/li>\n<li>Schreibtisch und Stuhl<\/li>\n<\/ul>\n<p><strong>Lage<\/strong><\/p>\n<ul>\n<li>10min (6km) bis Freising Zentrum<\/li>\n<li>19min (17km) bis zum Flughafen M\u00fcnchen<\/li>\n<li>39min (37km) bis M\u00fcnchen Zentrum<\/li>\n<\/ul>\n","protected":false},"excerpt":{"rendered":"<p>Unsere idyllisch gelegenen Zimmer befindet sich in direkter N\u00e4he zum M\u00fcnchner Flughafen. In n\u00e4chster Umgebung befindet sich die wundersch\u00f6ne Domstadt Freising und auch die Landeshauptstadt M\u00fcnchen ist sehr gut zu erreichen. \u00dcberblick Alle Zimmer sind m\u00f6bliert und mit einem eigenen&hellip;<\/p>\n","protected":false},"author":1,"featured_media":0,"parent":0,"menu_order":1,"comment_status":"closed","ping_status":"closed","template":"","meta":{"ngg_post_thumbnail":0,"footnotes":""},"class_list":["post-8","page","type-page","status-publish","hentry"],"_links":{"self":[{"href":"https:\/\/www.langzeitwohnen-freising.de\/index.php?rest_route=\/wp\/v2\/pages\/8","targetHints":{"allow":["GET"]}}],"collection":[{"href":"https:\/\/www.langzeitwohnen-freising.de\/index.php?rest_route=\/wp\/v2\/pages"}],"about":[{"href":"https:\/\/www.langzeitwohnen-freising.de\/index.php?rest_route=\/wp\/v2\/types\/page"}],"author":[{"embeddable":true,"href":"https:\/\/www.langzeitwohnen-freising.de\/index.php?rest_route=\/wp\/v2\/users\/1"}],"replies":[{"embeddable":true,"href":"https:\/\/www.langzeitwohnen-freising.de\/index.php?rest_route=%2Fwp%2Fv2%2Fcomments&post=8"}],"version-history":[{"count":13,"href":"https:\/\/www.langzeitwohnen-freising.de\/index.php?rest_route=\/wp\/v2\/pages\/8\/revisions"}],"predecessor-version":[{"id":98,"href":"https:\/\/www.langzeitwohnen-freising.de\/index.php?rest_route=\/wp\/v2\/pages\/8\/revisions\/98"}],"wp:attachment":[{"href":"https:\/\/www.langzeitwohnen-freising.de\/index.php?rest_route=%2Fwp%2Fv2%2Fmedia&parent=8"}],"curies":[{"name":"wp","href":"https:\/\/api.w.org\/{rel}","templated":true}]}}