{"id":2,"date":"2014-06-10T16:35:22","date_gmt":"2014-06-10T14:35:22","guid":{"rendered":"http:\/\/zierer.webpl.de\/style1\/?page_id=2"},"modified":"2014-10-08T16:53:08","modified_gmt":"2014-10-08T14:53:08","slug":"beispiel-seite","status":"publish","type":"page","link":"https:\/\/www.langzeitwohnen-freising.de\/","title":{"rendered":"Home"},"content":{"rendered":"<h3>Zimmervermietung Zierer<\/h3>\n<p>Wir bieten Ihnen:<\/p>\n<ul>\n<li>M\u00f6blierte Zimmer mit kleiner K\u00fcche, Bad, Internet(W-Lan) und <a href=\"#\">mehr<\/a><\/li>\n<li>N\u00e4he zu Freising, Flughafen M\u00fcnchen, Weihnstephan(Universit\u00e4t\/Brauerei) und M\u00fcnchen<\/li>\n<li>Nur Langzeitvermietung ab sechs Monaten<\/li>\n<li>K\u00fcndigungsfrist drei Monate<\/li>\n<li>Kaution 400,00 EUR<\/li>\n<\/ul>\n<blockquote><p>&#8222;Wohnen wo andere Urlaub machen!&#8220;<\/p><\/blockquote>\n","protected":false},"excerpt":{"rendered":"<p>Zimmervermietung Zierer Wir bieten Ihnen: M\u00f6blierte Zimmer mit kleiner K\u00fcche, Bad, Internet(W-Lan) und mehr N\u00e4he zu Freising, Flughafen M\u00fcnchen, Weihnstephan(Universit\u00e4t\/Brauerei) und M\u00fcnchen Nur Langzeitvermietung ab sechs Monaten K\u00fcndigungsfrist drei Monate Kaution 400,00 EUR &#8222;Wohnen wo andere Urlaub machen!&#8220;<\/p>\n","protected":false},"author":1,"featured_media":0,"parent":0,"menu_order":0,"comment_status":"closed","ping_status":"closed","template":"","meta":{"ngg_post_thumbnail":0,"footnotes":""},"class_list":["post-2","page","type-page","status-publish","hentry"],"_links":{"self":[{"href":"https:\/\/www.langzeitwohnen-freising.de\/index.php?rest_route=\/wp\/v2\/pages\/2","targetHints":{"allow":["GET"]}}],"collection":[{"href":"https:\/\/www.langzeitwohnen-freising.de\/index.php?rest_route=\/wp\/v2\/pages"}],"about":[{"href":"https:\/\/www.langzeitwohnen-freising.de\/index.php?rest_route=\/wp\/v2\/types\/page"}],"author":[{"embeddable":true,"href":"https:\/\/www.langzeitwohnen-freising.de\/index.php?rest_route=\/wp\/v2\/users\/1"}],"replies":[{"embeddable":true,"href":"https:\/\/www.langzeitwohnen-freising.de\/index.php?rest_route=%2Fwp%2Fv2%2Fcomments&post=2"}],"version-history":[{"count":12,"href":"https:\/\/www.langzeitwohnen-freising.de\/index.php?rest_route=\/wp\/v2\/pages\/2\/revisions"}],"predecessor-version":[{"id":126,"href":"https:\/\/www.langzeitwohnen-freising.de\/index.php?rest_route=\/wp\/v2\/pages\/2\/revisions\/126"}],"wp:attachment":[{"href":"https:\/\/www.langzeitwohnen-freising.de\/index.php?rest_route=%2Fwp%2Fv2%2Fmedia&parent=2"}],"curies":[{"name":"wp","href":"https:\/\/api.w.org\/{rel}","templated":true}]}}