{"id":10,"date":"2014-06-24T17:52:15","date_gmt":"2014-06-24T15:52:15","guid":{"rendered":"http:\/\/zierer.webpl.de\/style1\/?page_id=10"},"modified":"2014-09-16T20:55:03","modified_gmt":"2014-09-16T18:55:03","slug":"freizeit","status":"publish","type":"page","link":"https:\/\/www.langzeitwohnen-freising.de\/?page_id=10","title":{"rendered":"Umgebung"},"content":{"rendered":"<p>Hier finden Sie einige Links zu Firmen, St\u00e4dten und Sehensw\u00fcrdigkeiten in unseren n\u00e4heren Umgebung.<\/p>\n<p><img loading=\"lazy\" decoding=\"async\" class=\"umg-banner alignnone\" src=\"http:\/\/www.gaestehaus-zierer.de\/PIX\/hofbrauhausfreising.jpg\" alt=\"\" width=\"600\" height=\"85\" \/><\/p>\n<p><img loading=\"lazy\" decoding=\"async\" class=\"umg-banner alignnone\" src=\"http:\/\/www.gaestehaus-zierer.de\/PIX\/head_unternehmen.jpg\" alt=\"\" width=\"599\" height=\"77\" \/><\/p>\n<p><img loading=\"lazy\" decoding=\"async\" class=\"umg-banner alignnone\" src=\"http:\/\/www.gaestehaus-zierer.de\/PIX\/erding.jpg\" alt=\"\" width=\"599\" height=\"143\" \/><\/p>\n<p><img loading=\"lazy\" decoding=\"async\" class=\"umg-banner alignnone\" src=\"http:\/\/www.gaestehaus-zierer.de\/PIX\/edwb.jpg\" alt=\"\" width=\"601\" height=\"112\" \/><\/p>\n<p><img loading=\"lazy\" decoding=\"async\" class=\"umg-banner alignnone\" src=\"http:\/\/www.gaestehaus-zierer.de\/PIX\/ti.jpg\" alt=\"\" width=\"598\" height=\"90\" \/><\/p>\n<p><img loading=\"lazy\" decoding=\"async\" class=\"umg-banner alignnone\" src=\"http:\/\/www.gaestehaus-zierer.de\/PIX\/weihenstephan.jpg\" alt=\"\" width=\"601\" height=\"85\" \/><\/p>\n<p><img loading=\"lazy\" decoding=\"async\" class=\"umg-banner alignnone\" src=\"http:\/\/www.gaestehaus-zierer.de\/PIX\/air2.jpg\" alt=\"\" width=\"597\" height=\"77\" \/><\/p>\n<p><img loading=\"lazy\" decoding=\"async\" class=\"umg-banner alignnone\" src=\"http:\/\/www.gaestehaus-zierer.de\/PIX\/muenchen.jpg\" alt=\"\" width=\"595\" height=\"59\" \/><\/p>\n<p><img loading=\"lazy\" decoding=\"async\" class=\"umg-banner alignnone\" src=\"http:\/\/www.gaestehaus-zierer.de\/PIX\/wiesn.jpg\" alt=\"\" width=\"586\" height=\"73\" \/><\/p>\n","protected":false},"excerpt":{"rendered":"<p>Hier finden Sie einige Links zu Firmen, St\u00e4dten und Sehensw\u00fcrdigkeiten in unseren n\u00e4heren Umgebung.<\/p>\n","protected":false},"author":1,"featured_media":0,"parent":0,"menu_order":3,"comment_status":"closed","ping_status":"closed","template":"","meta":{"ngg_post_thumbnail":0,"footnotes":""},"class_list":["post-10","page","type-page","status-publish","hentry"],"_links":{"self":[{"href":"https:\/\/www.langzeitwohnen-freising.de\/index.php?rest_route=\/wp\/v2\/pages\/10","targetHints":{"allow":["GET"]}}],"collection":[{"href":"https:\/\/www.langzeitwohnen-freising.de\/index.php?rest_route=\/wp\/v2\/pages"}],"about":[{"href":"https:\/\/www.langzeitwohnen-freising.de\/index.php?rest_route=\/wp\/v2\/types\/page"}],"author":[{"embeddable":true,"href":"https:\/\/www.langzeitwohnen-freising.de\/index.php?rest_route=\/wp\/v2\/users\/1"}],"replies":[{"embeddable":true,"href":"https:\/\/www.langzeitwohnen-freising.de\/index.php?rest_route=%2Fwp%2Fv2%2Fcomments&post=10"}],"version-history":[{"count":6,"href":"https:\/\/www.langzeitwohnen-freising.de\/index.php?rest_route=\/wp\/v2\/pages\/10\/revisions"}],"predecessor-version":[{"id":85,"href":"https:\/\/www.langzeitwohnen-freising.de\/index.php?rest_route=\/wp\/v2\/pages\/10\/revisions\/85"}],"wp:attachment":[{"href":"https:\/\/www.langzeitwohnen-freising.de\/index.php?rest_route=%2Fwp%2Fv2%2Fmedia&parent=10"}],"curies":[{"name":"wp","href":"https:\/\/api.w.org\/{rel}","templated":true}]}}